
{"id":226,"date":"2020-11-12T05:21:31","date_gmt":"2020-11-12T05:21:31","guid":{"rendered":"https:\/\/galafold.ca\/welcome\/"},"modified":"2022-03-21T15:53:32","modified_gmt":"2022-03-21T15:53:32","slug":"welcome","status":"publish","type":"page","link":"https:\/\/galafold.ca\/fr\/","title":{"rendered":"Bienvenu"},"content":{"rendered":"<div id=\"pl-226\"  class=\"panel-layout\" ><div id=\"pg-226-0\"  class=\"panel-grid panel-has-style\" ><div class=\"siteorigin-panels-stretch panel-row-style panel-row-style-for-226-0\" data-stretch-type=\"full-stretched\" ><div id=\"pgc-226-0-0\"  class=\"panel-grid-cell\" ><div id=\"panel-226-0-0-0\" class=\"so-panel widget widget_sow-image panel-first-child panel-last-child\" data-index=\"0\" ><div class=\"wel_img panel-widget-style panel-widget-style-for-226-0-0-0\" ><div\n\t\t\t\n\t\t\tclass=\"so-widget-sow-image so-widget-sow-image-default-a258e6bfa2d8-226\"\n\t\t\t\n\t\t>\n<div class=\"sow-image-container\">\n\t\t<img \n\tsrc=\"https:\/\/galafold.ca\/wp-content\/uploads\/2020\/11\/home-bg.jpg\" width=\"2000\" height=\"1106\" srcset=\"https:\/\/galafold.ca\/wp-content\/uploads\/2020\/11\/home-bg.jpg 2000w, https:\/\/galafold.ca\/wp-content\/uploads\/2020\/11\/home-bg-300x166.jpg 300w, https:\/\/galafold.ca\/wp-content\/uploads\/2020\/11\/home-bg-1024x566.jpg 1024w, https:\/\/galafold.ca\/wp-content\/uploads\/2020\/11\/home-bg-768x425.jpg 768w, https:\/\/galafold.ca\/wp-content\/uploads\/2020\/11\/home-bg-1536x849.jpg 1536w\" sizes=\"(max-width: 2000px) 100vw, 2000px\" alt=\"\" \t\tclass=\"so-widget-image\"\/>\n\t<\/div>\n\n<\/div><\/div><\/div><\/div><\/div><\/div><div id=\"pg-226-1\"  class=\"panel-grid panel-has-style\" ><div class=\"panel-row-style panel-row-style-for-226-1\" ><div id=\"pgc-226-1-0\"  class=\"panel-grid-cell\" ><div id=\"panel-226-1-0-0\" class=\"so-panel widget widget_sow-editor panel-first-child panel-last-child\" data-index=\"1\" ><div\n\t\t\t\n\t\t\tclass=\"so-widget-sow-editor so-widget-sow-editor-base\"\n\t\t\t\n\t\t>\n<div class=\"siteorigin-widget-tinymce textwidget\">\n\t<h2 style=\"font-family: dinpro-medium-italic;\">\u00cates-vous un professionnel de la sant\u00e9?<\/h2>\n<\/div>\n<\/div><\/div><\/div><div id=\"pgc-226-1-1\"  class=\"panel-grid-cell\" ><div id=\"panel-226-1-1-0\" class=\"so-panel widget widget_sow-editor panel-first-child panel-last-child\" data-index=\"2\" ><div\n\t\t\t\n\t\t\tclass=\"so-widget-sow-editor so-widget-sow-editor-base\"\n\t\t\t\n\t\t>\n<div class=\"siteorigin-widget-tinymce textwidget\">\n\t<div class=\"div__btns\"><a class=\"yes_btns xoo-el-reg-tgr\" href=\"https:\/\/galafold.ca\/fr\">OUI<\/a> <a class=\"no_btns\" href=\"#\" data-toggle=\"modal\" data-target=\"#noFrPopup\">NON<\/a><\/div>\n<p><!-- Modal --><\/p>\n<div id=\"noFrPopup\" class=\"modal fade\" tabindex=\"-1\" role=\"dialog\" aria-labelledby=\"exampleModalLabel\" aria-hidden=\"true\">\n<div class=\"modal-dialog\" role=\"document\">\n<div class=\"modal-content\">\n<div class=\"modal-body\">\n<p><button class=\"close\" type=\"button\" data-dismiss=\"modal\" aria-label=\"Close\"><span aria-hidden=\"true\">\u00d7<\/span><\/button><\/p>\n<p>Ce site est r\u00e9serv\u00e9 aux professionnels de la sant\u00e9.<\/p>\n<\/div>\n<\/div>\n<\/div>\n<\/div>\n<\/div>\n<\/div><\/div><\/div><\/div><\/div><\/div>","protected":false},"excerpt":{"rendered":"<p>\u00cates-vous un professionnel de la sant\u00e9? OUI NON \u00d7 Ce site est r\u00e9serv\u00e9 aux professionnels de la sant\u00e9.<\/p>\n","protected":false},"author":1,"featured_media":0,"parent":0,"menu_order":0,"comment_status":"closed","ping_status":"closed","template":"template-fullwidth.php","meta":{"footnotes":""},"class_list":["post-226","page","type-page","status-publish","hentry"],"_links":{"self":[{"href":"https:\/\/galafold.ca\/fr\/wp-json\/wp\/v2\/pages\/226\/"}],"collection":[{"href":"https:\/\/galafold.ca\/fr\/wp-json\/wp\/v2\/pages\/"}],"about":[{"href":"https:\/\/galafold.ca\/fr\/wp-json\/wp\/v2\/types\/page\/"}],"author":[{"embeddable":true,"href":"https:\/\/galafold.ca\/fr\/wp-json\/wp\/v2\/users\/1\/"}],"replies":[{"embeddable":true,"href":"https:\/\/galafold.ca\/fr\/wp-json\/wp\/v2\/comments\/?post=226"}],"version-history":[{"count":16,"href":"https:\/\/galafold.ca\/fr\/wp-json\/wp\/v2\/pages\/226\/revisions\/"}],"predecessor-version":[{"id":469,"href":"https:\/\/galafold.ca\/fr\/wp-json\/wp\/v2\/pages\/226\/revisions\/469\/"}],"wp:attachment":[{"href":"https:\/\/galafold.ca\/fr\/wp-json\/wp\/v2\/media\/?parent=226"}],"curies":[{"name":"wp","href":"https:\/\/api.w.org\/{rel}","templated":true}]}}